{"id":27,"date":"2020-02-18T15:29:22","date_gmt":"2020-02-18T14:29:22","guid":{"rendered":"https:\/\/denkraumbu.de\/?page_id=27"},"modified":"2021-02-15T13:03:31","modified_gmt":"2021-02-15T12:03:31","slug":"uber-uns","status":"publish","type":"page","link":"https:\/\/denkraumbu.de\/index.php\/uber-uns\/","title":{"rendered":"\u00dcBER UNS"},"content":{"rendered":"\n<div class=\"wp-block-columns is-layout-flex wp-container-core-columns-is-layout-9d6595d7 wp-block-columns-is-layout-flex\">\n<div class=\"wp-block-column is-layout-flow wp-block-column-is-layout-flow\">\n<div class=\"wp-block-image is-style-default\"><figure class=\"aligncenter size-medium\"><img loading=\"lazy\" decoding=\"async\" width=\"283\" height=\"300\" src=\"https:\/\/denkraumbu.de\/wp-content\/uploads\/2020\/02\/avataaars-3-283x300.png\" alt=\"\" class=\"wp-image-18\" srcset=\"https:\/\/denkraumbu.de\/wp-content\/uploads\/2020\/02\/avataaars-3-283x300.png 283w, https:\/\/denkraumbu.de\/wp-content\/uploads\/2020\/02\/avataaars-3.png 528w\" sizes=\"auto, (max-width: 283px) 100vw, 283px\" \/><\/figure><\/div>\n\n\n\n<pre class=\"wp-block-preformatted\">Janina <strong>aka<\/strong> Jane<strong><code> \u00a9<\/code> 1983<\/strong><\/pre>\n<\/div>\n\n\n\n<div class=\"wp-block-column is-layout-flow wp-block-column-is-layout-flow\">\n<div class=\"wp-block-image is-style-default\"><figure class=\"aligncenter size-medium\"><img loading=\"lazy\" decoding=\"async\" width=\"283\" height=\"300\" src=\"https:\/\/denkraumbu.de\/wp-content\/uploads\/2020\/02\/avataaars2-283x300.png\" alt=\"\" class=\"wp-image-19\" srcset=\"https:\/\/denkraumbu.de\/wp-content\/uploads\/2020\/02\/avataaars2-283x300.png 283w, https:\/\/denkraumbu.de\/wp-content\/uploads\/2020\/02\/avataaars2.png 528w\" sizes=\"auto, (max-width: 283px) 100vw, 283px\" \/><\/figure><\/div>\n\n\n\n<pre class=\"wp-block-preformatted\">Christian <strong>aka<\/strong> Holle<strong><code> \u00a9<\/code> 1977<\/strong><\/pre>\n<\/div>\n<\/div>\n\n\n\n<div class=\"wp-block-columns is-layout-flex wp-container-core-columns-is-layout-9d6595d7 wp-block-columns-is-layout-flex\">\n<div class=\"wp-block-column is-layout-flow wp-block-column-is-layout-flow\">\n<pre class=\"wp-block-preformatted\"><strong>Lieblingswerte<\/strong>: <\/pre>\n\n\n\n<pre class=\"wp-block-preformatted\">Toleranz, Wertsch\u00e4tzung, Mitgef\u00fchl, Integrit\u00e4t &amp; Authentizit\u00e4t<\/pre>\n\n\n\n<pre class=\"wp-block-preformatted\"><strong>Was bin ich?<\/strong><\/pre>\n\n\n\n<pre class=\"wp-block-preformatted\">leidenschaftliche Pflanzenmuddi\n\nModedesignerin a.D.\n\nJunior Coach f\u00fcr Kommunikation &amp; Unternehmenskultur\n\nFlugzeugkonstrukteurin im freien Fall\n\nMusik Fanatikerin\n\nJunior Meditationsanw\u00e4rterin<\/pre>\n<\/div>\n\n\n\n<div class=\"wp-block-column is-layout-flow wp-block-column-is-layout-flow\">\n<pre class=\"wp-block-preformatted\"><strong>Lieblingswerte: <\/strong><\/pre>\n\n\n\n<pre class=\"wp-block-preformatted\">Ehrlichkeit, Integrit\u00e4t, Transparenz, Wertsch\u00e4tzung &amp; Freiheit<\/pre>\n\n\n\n<pre class=\"wp-block-preformatted\"><strong>Was bin ich?<\/strong><\/pre>\n\n\n\n<pre class=\"wp-block-preformatted\">sanftm\u00fctiger Papa\n\n<a rel=\"noreferrer noopener\" href=\"https:\/\/www.holzinger.it\/\" target=\"_blank\">Agiler Softwareentwickler<\/a>\n\nJunior Scrum Master &amp; Coach\n\nMorgenmuffel\n\nKlemmbaustein Bauer\n\nDie drei ??? Fan\n\nTrekkie<\/pre>\n\n\n\n<p><\/p>\n<\/div>\n<\/div>\n\n\n\n<div class=\"wp-block-columns is-layout-flex wp-container-core-columns-is-layout-9d6595d7 wp-block-columns-is-layout-flex\">\n<div class=\"wp-block-column is-layout-flow wp-block-column-is-layout-flow\">\n<pre class=\"wp-block-preformatted\"><strong>Lieblingsdenkr\u00e4ume: <\/strong><\/pre>\n\n\n\n<pre class=\"wp-block-preformatted\"><a href=\"https:\/\/denkraumbu.de\/index.php\/category\/denkraume\/zweisamkeit\/\">Zweisamkeit<\/a>, <a href=\"https:\/\/denkraumbu.de\/index.php\/category\/denkraume\/das-kollektiv\/\">Das Kollektiv<\/a>, <a href=\"https:\/\/denkraumbu.de\/index.php\/category\/denkraume\/sektion-31\/\">Sektion 31<\/a><\/pre>\n<\/div>\n\n\n\n<div class=\"wp-block-column is-layout-flow wp-block-column-is-layout-flow\">\n<pre class=\"wp-block-preformatted\"><strong>Lieblingsdenkr\u00e4ume<\/strong>: <\/pre>\n\n\n\n<pre class=\"wp-block-preformatted\"><a href=\"https:\/\/denkraumbu.de\/index.php\/category\/denkraume\/brain-spawn\/\">Brain Spawn<\/a>, <a href=\"https:\/\/denkraumbu.de\/index.php\/category\/denkraume\/das-kollektiv\/\">Das Kollektiv<\/a>, <a href=\"https:\/\/denkraumbu.de\/index.php\/category\/denkraume\/fuck-up\/\">Fuck Up<\/a><\/pre>\n<\/div>\n<\/div>\n\n\n\n<div class=\"wp-block-columns is-layout-flex wp-container-core-columns-is-layout-9d6595d7 wp-block-columns-is-layout-flex\">\n<div class=\"wp-block-column is-layout-flow wp-block-column-is-layout-flow\">\n<pre class=\"wp-block-preformatted\"><strong>Superpower<\/strong>: Sensibilit\u00e4t<\/pre>\n<\/div>\n\n\n\n<div class=\"wp-block-column is-layout-flow wp-block-column-is-layout-flow\">\n<pre class=\"wp-block-preformatted\"><strong>Superpower<\/strong>: Gerechtigkeitssinn<\/pre>\n<\/div>\n<\/div>\n\n\n\n<p><\/p>\n","protected":false},"excerpt":{"rendered":"<p>Janina aka Jane \u00a9 1983 Christian aka Holle \u00a9 1977 Lieblingswerte: Toleranz, Wertsch\u00e4tzung, Mitgef\u00fchl, Integrit\u00e4t &amp; Authentizit\u00e4t Was bin ich? leidenschaftliche Pflanzenmuddi Modedesignerin a.D. Junior Coach f\u00fcr Kommunikation &amp; Unternehmenskultur Flugzeugkonstrukteurin im freien Fall Musik Fanatikerin Junior Meditationsanw\u00e4rterin Lieblingswerte: Ehrlichkeit, Integrit\u00e4t, Transparenz, Wertsch\u00e4tzung &amp; Freiheit Was bin ich? sanftm\u00fctiger Papa Agiler Softwareentwickler Junior Scrum Master [&hellip;]<\/p>\n","protected":false},"author":1,"featured_media":0,"parent":0,"menu_order":2,"comment_status":"closed","ping_status":"closed","template":"","meta":{"footnotes":""},"class_list":["post-27","page","type-page","status-publish","hentry"],"_links":{"self":[{"href":"https:\/\/denkraumbu.de\/index.php\/wp-json\/wp\/v2\/pages\/27","targetHints":{"allow":["GET"]}}],"collection":[{"href":"https:\/\/denkraumbu.de\/index.php\/wp-json\/wp\/v2\/pages"}],"about":[{"href":"https:\/\/denkraumbu.de\/index.php\/wp-json\/wp\/v2\/types\/page"}],"author":[{"embeddable":true,"href":"https:\/\/denkraumbu.de\/index.php\/wp-json\/wp\/v2\/users\/1"}],"replies":[{"embeddable":true,"href":"https:\/\/denkraumbu.de\/index.php\/wp-json\/wp\/v2\/comments?post=27"}],"version-history":[{"count":59,"href":"https:\/\/denkraumbu.de\/index.php\/wp-json\/wp\/v2\/pages\/27\/revisions"}],"predecessor-version":[{"id":597,"href":"https:\/\/denkraumbu.de\/index.php\/wp-json\/wp\/v2\/pages\/27\/revisions\/597"}],"wp:attachment":[{"href":"https:\/\/denkraumbu.de\/index.php\/wp-json\/wp\/v2\/media?parent=27"}],"curies":[{"name":"wp","href":"https:\/\/api.w.org\/{rel}","templated":true}]}}